{"id":200,"date":"2025-02-07T16:13:56","date_gmt":"2025-02-07T15:13:56","guid":{"rendered":"https:\/\/www.leclaireuseassistante.com\/?page_id=200"},"modified":"2025-02-13T18:27:03","modified_gmt":"2025-02-13T17:27:03","slug":"mentions-legales","status":"publish","type":"page","link":"https:\/\/www.leclaireuseassistante.com\/index.php\/mentions-legales\/","title":{"rendered":"Mentions L\u00e9gales"},"content":{"rendered":"\n<p><strong>1. Pr\u00e9sentation du site<\/strong><\/p>\n\n\n\n<p>Conform\u00e9ment \u00e0 l\u2019article 6 de la loi n\u00b0 2004-575 du 21 juin 2004 pour la confiance dans l\u2019\u00e9conomie num\u00e9rique, il est pr\u00e9cis\u00e9 aux utilisateurs du site\u00a0<strong>leclaireuseassistante.com<\/strong>\u00a0l\u2019identit\u00e9 des diff\u00e9rents intervenants dans le cadre de sa r\u00e9alisation et de son suivi : <\/p>\n\n\n\n<p><strong>Propri\u00e9taire du site<\/strong>\u00a0:<br>Nom de l\u2019entreprise :\u00a0<strong>L\u2019\u00e9claireuse<\/strong><br>Adresse :\u00a0<strong>86 rue de la Ville Grohan, 22950, Tr\u00e9gueux &#8211; FRANCE<\/strong><br>Num\u00e9ro de SIRET :\u00a0<strong>94055822400017<\/strong><br>Responsable de publication :\u00a0<strong>Ana\u00efs F\u00e9gar<\/strong><br>Contact :\u00a0<a href=\"mailto:leclaireuse.assistante@gmail.com\">leclaireuse.assistante@gmail.com<\/a><\/p>\n\n\n\n<p><strong>H\u00e9bergeur<\/strong>\u00a0:<br>Nom :\u00a0<strong>OVH<\/strong><br>Adresse :\u00a0<strong>2 rue Kellermann, 59100 Roubaix, France<\/strong><br>T\u00e9l\u00e9phone :\u00a0<strong>+33 9 72 10 10 07<\/strong><br>Site web :\u00a0<a href=\"https:\/\/www.ovh.com\/\">https:\/\/www.ovh.com<\/a><\/p>\n\n\n\n<p><strong>2. Propri\u00e9t\u00e9 intellectuelle<\/strong><\/p>\n\n\n\n<p>Tous les contenus pr\u00e9sents sur le site\u00a0<strong>leclaireuseassistante.com<\/strong>, incluant les textes, images, graphiques, logos, ic\u00f4nes, vid\u00e9os, etc., sont la propri\u00e9t\u00e9 exclusive de\u00a0<strong>L\u2019\u00e9claireuse<\/strong>\u00a0ou de ses partenaires, sauf mention contraire. Toute reproduction, distribution, modification, ou toute utilisation \u00e0 des fins commerciales de ces contenus sans autorisation pr\u00e9alable est interdite.<\/p>\n\n\n\n<p><strong>3. Responsabilit\u00e9<\/strong><\/p>\n\n\n\n<p>Les informations pr\u00e9sentes sur ce site sont fournies \u00e0 titre indicatif.&nbsp;<strong>L\u2019\u00e9claireuse<\/strong>&nbsp;ne garantit pas l\u2019exactitude ou l\u2019exhaustivit\u00e9 des informations disponibles. En cas d\u2019erreur ou d\u2019omission,&nbsp;<strong>L\u2019\u00e9claireuse<\/strong>&nbsp;ne pourra \u00eatre tenue responsable.<\/p>\n\n\n\n<p><strong>4. Donn\u00e9es personnelles<\/strong><\/p>\n\n\n\n<p>En accord avec la&nbsp;<strong>Politique de Confidentialit\u00e9<\/strong>,&nbsp;<strong>L\u2019\u00e9claireuse<\/strong>&nbsp;s\u2019engage \u00e0 respecter la confidentialit\u00e9 des donn\u00e9es personnelles des utilisateurs et \u00e0 ne pas les divulguer \u00e0 des tiers. Pour plus d&rsquo;informations, consultez notre&nbsp;<strong>Politique de Confidentialit\u00e9<\/strong>.<\/p>\n\n\n\n<p><strong>5. Liens hypertextes<\/strong><\/p>\n\n\n\n<p>Le site peut contenir des liens vers d\u2019autres sites internet.&nbsp;<strong>L\u2019\u00e9claireuse<\/strong>&nbsp;n\u2019assume aucune responsabilit\u00e9 quant au contenu ou \u00e0 la politique de confidentialit\u00e9 de ces sites externes.<\/p>\n\n\n\n<p><strong>6. Cookies<\/strong><\/p>\n\n\n\n<p>Le site utilise des cookies pour am\u00e9liorer l\u2019exp\u00e9rience de navigation des utilisateurs. Pour plus d\u2019informations, veuillez consulter notre&nbsp;<strong>Politique de Cookies<\/strong>.<\/p>\n\n\n\n<p><strong>7. Droit applicable et juridiction comp\u00e9tente<\/strong><\/p>\n\n\n\n<p>Les pr\u00e9sentes mentions l\u00e9gales sont soumises au droit fran\u00e7ais. En cas de litige, les tribunaux comp\u00e9tents seront ceux du ressort de\u00a0<strong>Rennes<\/strong>.<\/p>\n","protected":false},"excerpt":{"rendered":"<p>1. Pr\u00e9sentation du site Conform\u00e9ment \u00e0 l\u2019article 6 de la loi n\u00b0 2004-575 du 21 juin 2004 pour la confiance dans l\u2019\u00e9conomie num\u00e9rique, il est pr\u00e9cis\u00e9 aux utilisateurs du site\u00a0leclaireuseassistante.com\u00a0l\u2019identit\u00e9 des diff\u00e9rents intervenants dans le cadre de sa r\u00e9alisation et de son suivi : Propri\u00e9taire du site\u00a0:Nom de l\u2019entreprise :\u00a0L\u2019\u00e9claireuseAdresse :\u00a086 rue de la Ville [&hellip;]<\/p>\n","protected":false},"author":1,"featured_media":0,"parent":0,"menu_order":0,"comment_status":"closed","ping_status":"closed","template":"no-title-space","meta":{"footnotes":""},"class_list":["post-200","page","type-page","status-publish","hentry"],"_links":{"self":[{"href":"https:\/\/www.leclaireuseassistante.com\/index.php\/wp-json\/wp\/v2\/pages\/200","targetHints":{"allow":["GET"]}}],"collection":[{"href":"https:\/\/www.leclaireuseassistante.com\/index.php\/wp-json\/wp\/v2\/pages"}],"about":[{"href":"https:\/\/www.leclaireuseassistante.com\/index.php\/wp-json\/wp\/v2\/types\/page"}],"author":[{"embeddable":true,"href":"https:\/\/www.leclaireuseassistante.com\/index.php\/wp-json\/wp\/v2\/users\/1"}],"replies":[{"embeddable":true,"href":"https:\/\/www.leclaireuseassistante.com\/index.php\/wp-json\/wp\/v2\/comments?post=200"}],"version-history":[{"count":1,"href":"https:\/\/www.leclaireuseassistante.com\/index.php\/wp-json\/wp\/v2\/pages\/200\/revisions"}],"predecessor-version":[{"id":201,"href":"https:\/\/www.leclaireuseassistante.com\/index.php\/wp-json\/wp\/v2\/pages\/200\/revisions\/201"}],"wp:attachment":[{"href":"https:\/\/www.leclaireuseassistante.com\/index.php\/wp-json\/wp\/v2\/media?parent=200"}],"curies":[{"name":"wp","href":"https:\/\/api.w.org\/{rel}","templated":true}]}}