{"id":3,"date":"2025-01-20T17:54:46","date_gmt":"2025-01-20T16:54:46","guid":{"rendered":"http:\/\/mxosuxx.cluster021.hosting.ovh.net\/?page_id=3"},"modified":"2025-02-13T18:27:08","modified_gmt":"2025-02-13T17:27:08","slug":"politique-de-confidentialite","status":"publish","type":"page","link":"https:\/\/www.leclaireuseassistante.com\/index.php\/politique-de-confidentialite\/","title":{"rendered":"Politique de confidentialit\u00e9 et gestion des cookies"},"content":{"rendered":"\n<h2 class=\"wp-block-heading\">Qui sommes-nous&nbsp;?<\/h2>\n\n\n\n<p>L\u2019adresse de notre site est\u00a0: <a href=\"https:\/\/www.leclaireuseassistante.com\">https:\/\/www.leclaireuseassistante.com<\/a><\/p>\n\n\n\n<h2 class=\"wp-block-heading\">1. Introduction<\/h2>\n\n\n\n<p>Le site\u00a0<strong>L\u2019\u00e9claireuse<\/strong>\u00a0respecte votre vie priv\u00e9e et s\u2019engage \u00e0 prot\u00e9ger vos donn\u00e9es personnelles. Cette politique vise \u00e0 vous informer sur l\u2019utilisation des cookies et des services tiers int\u00e9gr\u00e9s au site.<\/p>\n\n\n\n<h2 class=\"wp-block-heading\">2. Donn\u00e9es collect\u00e9es<\/h2>\n\n\n\n<p>Aucune donn\u00e9e personnelle n\u2019est collect\u00e9e directement via ce site. Cependant, certaines informations peuvent \u00eatre enregistr\u00e9es automatiquement par des services tiers :<\/p>\n\n\n\n<p><strong>Cookies de mesure d\u2019audience<\/strong>\u00a0(si activ\u00e9s) : permettent d\u2019analyser la fr\u00e9quentation du site (exemple : Google Analytics).<\/p>\n\n\n\n<p><strong>Cookies de fonctionnement<\/strong>\u00a0: assurent le bon affichage du site.<\/p>\n\n\n\n<h2 class=\"wp-block-heading\">3. Gestion des cookies<\/h2>\n\n\n\n<p>Lors de votre premi\u00e8re visite, un bandeau vous informe de l\u2019utilisation des cookies. Vous pouvez les accepter, les refuser ou les g\u00e9rer via les param\u00e8tres de votre navigateur.<\/p>\n\n\n\n<h2 class=\"wp-block-heading\">4. H\u00e9bergement<\/h2>\n\n\n\n<p>Ce site est h\u00e9berg\u00e9 par :<br><strong>OVHcloud<\/strong><br>Adresse :\u00a0<strong>2 Rue Kellermann, 59100 Roubaix &#8211; France<\/strong><br>Site web :\u00a0<a href=\"https:\/\/www.ovh.com\/\">https:\/\/www.ovh.com\/<\/a><\/p>\n\n\n\n<h2 class=\"wp-block-heading\">5. Vos droits<\/h2>\n\n\n\n<p><strong>Conform\u00e9ment au RGPD, vous pouvez :<\/strong><\/p>\n\n\n\n<p>D\u00e9poser une r\u00e9clamation aupr\u00e8s de la CNIL en cas de non-respect de vos droits.<\/p>\n\n\n\n<p>Vous opposer \u00e0 l\u2019utilisation des cookies via les param\u00e8tres de votre navigateur.<\/p>\n\n\n\n<h2 class=\"wp-block-heading\">6. Contact<\/h2>\n\n\n\n<p>Pour toute question, vous pouvez nous contacter \u00e0\u00a0<strong><a href=\"mailto:leclaireuse.assistante@gmail.com\">leclaireuse.assistante@gmail.com<\/a><\/strong><\/p>\n\n\n\n<p><\/p>\n","protected":false},"excerpt":{"rendered":"<p>Qui sommes-nous&nbsp;? L\u2019adresse de notre site est\u00a0: https:\/\/www.leclaireuseassistante.com 1. Introduction Le site\u00a0L\u2019\u00e9claireuse\u00a0respecte votre vie priv\u00e9e et s\u2019engage \u00e0 prot\u00e9ger vos donn\u00e9es personnelles. Cette politique vise \u00e0 vous informer sur l\u2019utilisation des cookies et des services tiers int\u00e9gr\u00e9s au site. 2. Donn\u00e9es collect\u00e9es Aucune donn\u00e9e personnelle n\u2019est collect\u00e9e directement via ce site. Cependant, certaines informations peuvent [&hellip;]<\/p>\n","protected":false},"author":1,"featured_media":0,"parent":0,"menu_order":0,"comment_status":"closed","ping_status":"closed","template":"no-title-space","meta":{"footnotes":""},"class_list":["post-3","page","type-page","status-publish","hentry"],"_links":{"self":[{"href":"https:\/\/www.leclaireuseassistante.com\/index.php\/wp-json\/wp\/v2\/pages\/3","targetHints":{"allow":["GET"]}}],"collection":[{"href":"https:\/\/www.leclaireuseassistante.com\/index.php\/wp-json\/wp\/v2\/pages"}],"about":[{"href":"https:\/\/www.leclaireuseassistante.com\/index.php\/wp-json\/wp\/v2\/types\/page"}],"author":[{"embeddable":true,"href":"https:\/\/www.leclaireuseassistante.com\/index.php\/wp-json\/wp\/v2\/users\/1"}],"replies":[{"embeddable":true,"href":"https:\/\/www.leclaireuseassistante.com\/index.php\/wp-json\/wp\/v2\/comments?post=3"}],"version-history":[{"count":1,"href":"https:\/\/www.leclaireuseassistante.com\/index.php\/wp-json\/wp\/v2\/pages\/3\/revisions"}],"predecessor-version":[{"id":189,"href":"https:\/\/www.leclaireuseassistante.com\/index.php\/wp-json\/wp\/v2\/pages\/3\/revisions\/189"}],"wp:attachment":[{"href":"https:\/\/www.leclaireuseassistante.com\/index.php\/wp-json\/wp\/v2\/media?parent=3"}],"curies":[{"name":"wp","href":"https:\/\/api.w.org\/{rel}","templated":true}]}}