{"id":44,"date":"2025-01-23T16:51:51","date_gmt":"2025-01-23T15:51:51","guid":{"rendered":"https:\/\/www.leclaireuseassistante.com\/?page_id=44"},"modified":"2025-02-13T17:44:38","modified_gmt":"2025-02-13T16:44:38","slug":"qui-suis-je","status":"publish","type":"page","link":"https:\/\/www.leclaireuseassistante.com\/index.php\/qui-suis-je\/","title":{"rendered":"\u00c0 propos"},"content":{"rendered":"\n<hr class=\"wp-block-separator has-css-opacity is-style-default\"\/>\n\n\n\n<hr class=\"wp-block-separator has-css-opacity is-style-default\"\/>\n\n\n\n<div class=\"wp-block-group alignfull has-global-padding is-layout-constrained wp-block-group-is-layout-constrained\" style=\"margin-top:0px;margin-bottom:0px;padding-top:var(--wp--preset--spacing--xx-large);padding-bottom:var(--wp--preset--spacing--xx-large)\">\n<div class=\"wp-block-group alignwide is-layout-flow wp-block-group-is-layout-flow\">\n<div class=\"wp-block-columns are-vertically-aligned-center is-layout-flex wp-container-core-columns-is-layout-00f84694 wp-block-columns-is-layout-flex\">\n<div class=\"wp-block-column is-vertically-aligned-center is-layout-flow wp-block-column-is-layout-flow\" style=\"flex-basis:60%\">\n<div class=\"wp-block-group has-global-padding is-layout-constrained wp-container-core-group-is-layout-e555385e wp-block-group-is-layout-constrained\">\n<h2 class=\"wp-block-heading has-xx-large-font-size\">\u00c0 propos de l&rsquo;\u00c9claireuse<\/h2>\n\n\n\n<p style=\"margin-top:var(--wp--preset--spacing--small)\">Bienvenue sur&nbsp;<strong>L\u2019\u00e9claireuse<\/strong>, votre alli\u00e9e pour simplifier votre quotidien professionnel ! Je suis Ana\u00efs, assistante virtuelle passionn\u00e9e par l\u2019organisation et la gestion administrative. Forte de plusieurs ann\u00e9es d\u2019exp\u00e9rience dans des secteurs aussi vari\u00e9s que le spectacle vivant, la m\u00e9diation culturelle et la gestion de paie, je mets mes comp\u00e9tences au service des entreprises et des ind\u00e9pendants pour les aider \u00e0 se concentrer sur ce qui compte vraiment.<\/p>\n\n\n\n<p>En tant qu\u2019assistante virtuelle, je propose des services sur mesure adapt\u00e9s \u00e0 vos besoins : gestion administrative, organisation des t\u00e2ches quotidiennes, support pour la gestion des emails, planification des rendez-vous, et bien plus encore. Mon but est simple : vous permettre de vous concentrer sur ce qui compte vraiment pour votre entreprise, sans vous perdre dans la gestion du quotidien.<\/p>\n\n\n\n<p style=\"margin-top:var(--wp--preset--spacing--small)\"><strong>Mon objectif ?<\/strong>&nbsp;Vous offrir un soutien fiable et professionnel pour vous permettre de gagner en s\u00e9r\u00e9nit\u00e9 et en efficacit\u00e9. Mon approche est simple : un service sur mesure, une \u00e9coute attentive et une organisation sans faille.<\/p>\n\n\n\n<div class=\"wp-block-buttons is-content-justification-left is-layout-flex wp-container-core-buttons-is-layout-08be1a38 wp-block-buttons-is-layout-flex\" style=\"margin-top:var(--wp--preset--spacing--medium)\">\n<div class=\"wp-block-button\"><a class=\"wp-block-button__link wp-element-button\" href=\"mailto:leclaireuse.assistante@gmail.com\">Me contacter \u2192<\/a><\/div>\n\n\n\n<div class=\"wp-block-button is-style-fill\"><a class=\"wp-block-button__link wp-element-button\" href=\"https:\/\/www.leclaireuseassistante.com\/index.php\/mes-services\/\">En savoir plus \u2192<\/a><\/div>\n<\/div>\n<\/div>\n<\/div>\n\n\n\n<div class=\"wp-block-column is-vertically-aligned-center is-layout-flow wp-block-column-is-layout-flow\" style=\"flex-basis:40%\">\n<figure class=\"wp-block-image size-full is-resized\"><img loading=\"lazy\" decoding=\"async\" width=\"1435\" height=\"2560\" src=\"https:\/\/www.leclaireuseassistante.com\/wp-content\/uploads\/2025\/02\/IMG_8234-scaled.jpg\" alt=\"\" class=\"wp-image-249\" style=\"width:370px;height:auto\" srcset=\"https:\/\/www.leclaireuseassistante.com\/wp-content\/uploads\/2025\/02\/IMG_8234-scaled.jpg 1435w, https:\/\/www.leclaireuseassistante.com\/wp-content\/uploads\/2025\/02\/IMG_8234-168x300.jpg 168w, https:\/\/www.leclaireuseassistante.com\/wp-content\/uploads\/2025\/02\/IMG_8234-574x1024.jpg 574w, https:\/\/www.leclaireuseassistante.com\/wp-content\/uploads\/2025\/02\/IMG_8234-768x1370.jpg 768w, https:\/\/www.leclaireuseassistante.com\/wp-content\/uploads\/2025\/02\/IMG_8234-861x1536.jpg 861w, https:\/\/www.leclaireuseassistante.com\/wp-content\/uploads\/2025\/02\/IMG_8234-1148x2048.jpg 1148w\" sizes=\"auto, (max-width: 1435px) 100vw, 1435px\" \/><\/figure>\n<\/div>\n<\/div>\n<\/div>\n<\/div>\n","protected":false},"excerpt":{"rendered":"<p>\u00c0 propos de l&rsquo;\u00c9claireuse Bienvenue sur&nbsp;L\u2019\u00e9claireuse, votre alli\u00e9e pour simplifier votre quotidien professionnel ! Je suis Ana\u00efs, assistante virtuelle passionn\u00e9e par l\u2019organisation et la gestion administrative. Forte de plusieurs ann\u00e9es d\u2019exp\u00e9rience dans des secteurs aussi vari\u00e9s que le spectacle vivant, la m\u00e9diation culturelle et la gestion de paie, je mets mes comp\u00e9tences au service des [&hellip;]<\/p>\n","protected":false},"author":1,"featured_media":0,"parent":0,"menu_order":0,"comment_status":"closed","ping_status":"closed","template":"no-title-space","meta":{"footnotes":""},"class_list":["post-44","page","type-page","status-publish","hentry"],"_links":{"self":[{"href":"https:\/\/www.leclaireuseassistante.com\/index.php\/wp-json\/wp\/v2\/pages\/44","targetHints":{"allow":["GET"]}}],"collection":[{"href":"https:\/\/www.leclaireuseassistante.com\/index.php\/wp-json\/wp\/v2\/pages"}],"about":[{"href":"https:\/\/www.leclaireuseassistante.com\/index.php\/wp-json\/wp\/v2\/types\/page"}],"author":[{"embeddable":true,"href":"https:\/\/www.leclaireuseassistante.com\/index.php\/wp-json\/wp\/v2\/users\/1"}],"replies":[{"embeddable":true,"href":"https:\/\/www.leclaireuseassistante.com\/index.php\/wp-json\/wp\/v2\/comments?post=44"}],"version-history":[{"count":6,"href":"https:\/\/www.leclaireuseassistante.com\/index.php\/wp-json\/wp\/v2\/pages\/44\/revisions"}],"predecessor-version":[{"id":266,"href":"https:\/\/www.leclaireuseassistante.com\/index.php\/wp-json\/wp\/v2\/pages\/44\/revisions\/266"}],"wp:attachment":[{"href":"https:\/\/www.leclaireuseassistante.com\/index.php\/wp-json\/wp\/v2\/media?parent=44"}],"curies":[{"name":"wp","href":"https:\/\/api.w.org\/{rel}","templated":true}]}}