{"id":45,"date":"2025-01-23T16:51:51","date_gmt":"2025-01-23T15:51:51","guid":{"rendered":"https:\/\/www.leclaireuseassistante.com\/?page_id=45"},"modified":"2026-02-24T15:06:12","modified_gmt":"2026-02-24T14:06:12","slug":"mes-services","status":"publish","type":"page","link":"https:\/\/www.leclaireuseassistante.com\/index.php\/mes-services\/","title":{"rendered":"Mes services"},"content":{"rendered":"\n<p class=\"has-text-align-left\">D\u00e9couvrez les services que je propose pour vous accompagner dans la gestion de vos t\u00e2ches administratives et organisationnelles. En tant qu\u2019assistante virtuelle, je vous offre un soutien sur mesure pour vous permettre de vous concentrer sur ce qui compte vraiment. Voici un aper\u00e7u de mes services.<\/p>\n\n\n\n<div class=\"wp-block-columns are-vertically-aligned-top is-layout-flex wp-container-core-columns-is-layout-28f84493 wp-block-columns-is-layout-flex\">\n<div class=\"wp-block-column is-vertically-aligned-top is-layout-flow wp-block-column-is-layout-flow\">\n<figure class=\"wp-block-image size-large\"><img loading=\"lazy\" decoding=\"async\" width=\"819\" height=\"1024\" src=\"https:\/\/www.leclaireuseassistante.com\/wp-content\/uploads\/2026\/02\/Publication-Instagram-Services-Entreprise-Minimaliste-Moderne-Gris-et-Jaune-819x1024.png\" alt=\"\" class=\"wp-image-303\" srcset=\"https:\/\/www.leclaireuseassistante.com\/wp-content\/uploads\/2026\/02\/Publication-Instagram-Services-Entreprise-Minimaliste-Moderne-Gris-et-Jaune-819x1024.png 819w, https:\/\/www.leclaireuseassistante.com\/wp-content\/uploads\/2026\/02\/Publication-Instagram-Services-Entreprise-Minimaliste-Moderne-Gris-et-Jaune-240x300.png 240w, https:\/\/www.leclaireuseassistante.com\/wp-content\/uploads\/2026\/02\/Publication-Instagram-Services-Entreprise-Minimaliste-Moderne-Gris-et-Jaune-768x960.png 768w, https:\/\/www.leclaireuseassistante.com\/wp-content\/uploads\/2026\/02\/Publication-Instagram-Services-Entreprise-Minimaliste-Moderne-Gris-et-Jaune.png 1080w\" sizes=\"auto, (max-width: 819px) 100vw, 819px\" \/><\/figure>\n\n\n\n<p class=\"has-text-align-center\"><strong>Gestion<\/strong> <strong>administrative<\/strong><\/p>\n\n\n\n<p class=\"has-text-align-center\"><em>Pour que vos obligations quotidiennes soient g\u00e9r\u00e9es sans stress.<\/em><\/p>\n\n\n\n<ul class=\"wp-block-list\">\n<li>Devis, factures et relances<\/li>\n\n\n\n<li>Gestion de bo\u00eetes mails<\/li>\n\n\n\n<li>Contrats et formalit\u00e9s<\/li>\n\n\n\n<li>Pr\u00e9-comptabilit\u00e9 : classement des factures, rapprochement bancaire&#8230;<\/li>\n\n\n\n<li><strong>*liste non exhaustive<\/strong><\/li>\n<\/ul>\n<\/div>\n\n\n\n<div class=\"wp-block-column is-vertically-aligned-top is-layout-flow wp-block-column-is-layout-flow\">\n<figure class=\"wp-block-image size-large\"><img loading=\"lazy\" decoding=\"async\" width=\"819\" height=\"1024\" src=\"https:\/\/www.leclaireuseassistante.com\/wp-content\/uploads\/2026\/02\/Publication-Instagram-Services-Entreprise-Minimaliste-Moderne-Gris-et-Jaune-2-819x1024.png\" alt=\"\" class=\"wp-image-305\" srcset=\"https:\/\/www.leclaireuseassistante.com\/wp-content\/uploads\/2026\/02\/Publication-Instagram-Services-Entreprise-Minimaliste-Moderne-Gris-et-Jaune-2-819x1024.png 819w, https:\/\/www.leclaireuseassistante.com\/wp-content\/uploads\/2026\/02\/Publication-Instagram-Services-Entreprise-Minimaliste-Moderne-Gris-et-Jaune-2-240x300.png 240w, https:\/\/www.leclaireuseassistante.com\/wp-content\/uploads\/2026\/02\/Publication-Instagram-Services-Entreprise-Minimaliste-Moderne-Gris-et-Jaune-2-768x960.png 768w, https:\/\/www.leclaireuseassistante.com\/wp-content\/uploads\/2026\/02\/Publication-Instagram-Services-Entreprise-Minimaliste-Moderne-Gris-et-Jaune-2.png 1080w\" sizes=\"auto, (max-width: 819px) 100vw, 819px\" \/><\/figure>\n\n\n\n<p class=\"has-text-align-center\"><strong>Communication<\/strong><\/p>\n\n\n\n<p class=\"has-text-align-center\"><em>Pour que vos \u00e9changes et projets avancent en toute s\u00e9r\u00e9nit\u00e9.<\/em><\/p>\n\n\n\n<ul class=\"wp-block-list\">\n<li>Mails<\/li>\n\n\n\n<li>Gestion des interactions<\/li>\n\n\n\n<li>Mod\u00e9ration des commentaires et MP<\/li>\n\n\n\n<li>Saisie des textes ou transcriptions<\/li>\n\n\n\n<li>Saisie et mise en page de documents<\/li>\n\n\n\n<li><strong>*liste non exhaustive<\/strong><\/li>\n<\/ul>\n<\/div>\n\n\n\n<div class=\"wp-block-column is-vertically-aligned-top is-layout-flow wp-block-column-is-layout-flow\">\n<figure class=\"wp-block-image size-large\"><img loading=\"lazy\" decoding=\"async\" width=\"819\" height=\"1024\" src=\"https:\/\/www.leclaireuseassistante.com\/wp-content\/uploads\/2026\/02\/Publication-Instagram-Services-Entreprise-Minimaliste-Moderne-Gris-et-Jaune-3-819x1024.png\" alt=\"\" class=\"wp-image-306\" srcset=\"https:\/\/www.leclaireuseassistante.com\/wp-content\/uploads\/2026\/02\/Publication-Instagram-Services-Entreprise-Minimaliste-Moderne-Gris-et-Jaune-3-819x1024.png 819w, https:\/\/www.leclaireuseassistante.com\/wp-content\/uploads\/2026\/02\/Publication-Instagram-Services-Entreprise-Minimaliste-Moderne-Gris-et-Jaune-3-240x300.png 240w, https:\/\/www.leclaireuseassistante.com\/wp-content\/uploads\/2026\/02\/Publication-Instagram-Services-Entreprise-Minimaliste-Moderne-Gris-et-Jaune-3-768x960.png 768w, https:\/\/www.leclaireuseassistante.com\/wp-content\/uploads\/2026\/02\/Publication-Instagram-Services-Entreprise-Minimaliste-Moderne-Gris-et-Jaune-3.png 1080w\" sizes=\"auto, (max-width: 819px) 100vw, 819px\" \/><\/figure>\n\n\n\n<p class=\"has-text-align-center\"><strong>Organisation<\/strong><\/p>\n\n\n\n<p class=\"has-text-align-center\"><em>Pour l\u2019organisation de vos d\u00e9placements et rendez-vous professionnels.<\/em><\/p>\n\n\n\n<ul class=\"wp-block-list\">\n<li>G\u00e9rer les demandes de rendez-vous<\/li>\n\n\n\n<li>Prise de rendez-vous<\/li>\n\n\n\n<li>Organisation des d\u00e9placements<\/li>\n\n\n\n<li>Recherches diverses<\/li>\n\n\n\n<li>Pr\u00e9paration des plannings<\/li>\n\n\n\n<li><strong>*liste non exhaustive<\/strong><\/li>\n<\/ul>\n<\/div>\n<\/div>\n\n\n\n<div class=\"wp-block-columns is-layout-flex wp-container-core-columns-is-layout-28f84493 wp-block-columns-is-layout-flex\">\n<div class=\"wp-block-column is-layout-flow wp-block-column-is-layout-flow\">\n<div class=\"wp-block-buttons is-content-justification-center is-layout-flex wp-container-core-buttons-is-layout-a89b3969 wp-block-buttons-is-layout-flex\"><\/div>\n<\/div>\n\n\n\n<div class=\"wp-block-column is-layout-flow wp-block-column-is-layout-flow\"><\/div>\n\n\n\n<div class=\"wp-block-column is-layout-flow wp-block-column-is-layout-flow\"><\/div>\n<\/div>\n\n\n\n<p>D\u2019autres services peuvent \u00eatre propos\u00e9s en fonction de vos besoins sp\u00e9cifiques.<\/p>\n\n\n\n<h5 class=\"wp-block-heading\"><strong>Contactez-moi pour un devis personnalis\u00e9<\/strong><\/h5>\n\n\n\n<p>Vous souhaitez gagner du temps et vous concentrer sur votre activit\u00e9 ? Je vous accompagne avec des prestations administratives et organisationnelles adapt\u00e9es \u00e0 vos besoins. Les tarifs sont d\u00e9finis sur devis afin de construire une proposition parfaitement ajust\u00e9e \u00e0 votre projet. Pour toute demande, vous pouvez me contacter par mail : je vous r\u00e9pondrai dans les meilleurs d\u00e9lais.<\/p>\n\n\n\n<div class=\"wp-block-buttons is-content-justification-center is-layout-flex wp-container-core-buttons-is-layout-a89b3969 wp-block-buttons-is-layout-flex\">\n<div class=\"wp-block-button is-style-fill\"><a class=\"wp-block-button__link has-text-align-center wp-element-button\" href=\"mailto:leclaireuse.assistante@gmail.com\"><strong>Contactez-moi<\/strong><\/a><\/div>\n<\/div>\n\n\n\n<div class=\"wp-block-buttons is-content-justification-center is-layout-flex wp-container-core-buttons-is-layout-a89b3969 wp-block-buttons-is-layout-flex\"><\/div>\n\n\n\n<p><\/p>\n","protected":false},"excerpt":{"rendered":"<p>D\u00e9couvrez les services que je propose pour vous accompagner dans la gestion de vos t\u00e2ches administratives et organisationnelles. En tant qu\u2019assistante virtuelle, je vous offre un soutien sur mesure pour vous permettre de vous concentrer sur ce qui compte vraiment. Voici un aper\u00e7u de mes services. Gestion administrative Pour que vos obligations quotidiennes soient g\u00e9r\u00e9es [&hellip;]<\/p>\n","protected":false},"author":1,"featured_media":0,"parent":0,"menu_order":0,"comment_status":"closed","ping_status":"closed","template":"no-title-space","meta":{"footnotes":""},"class_list":["post-45","page","type-page","status-publish","hentry"],"_links":{"self":[{"href":"https:\/\/www.leclaireuseassistante.com\/index.php\/wp-json\/wp\/v2\/pages\/45","targetHints":{"allow":["GET"]}}],"collection":[{"href":"https:\/\/www.leclaireuseassistante.com\/index.php\/wp-json\/wp\/v2\/pages"}],"about":[{"href":"https:\/\/www.leclaireuseassistante.com\/index.php\/wp-json\/wp\/v2\/types\/page"}],"author":[{"embeddable":true,"href":"https:\/\/www.leclaireuseassistante.com\/index.php\/wp-json\/wp\/v2\/users\/1"}],"replies":[{"embeddable":true,"href":"https:\/\/www.leclaireuseassistante.com\/index.php\/wp-json\/wp\/v2\/comments?post=45"}],"version-history":[{"count":19,"href":"https:\/\/www.leclaireuseassistante.com\/index.php\/wp-json\/wp\/v2\/pages\/45\/revisions"}],"predecessor-version":[{"id":328,"href":"https:\/\/www.leclaireuseassistante.com\/index.php\/wp-json\/wp\/v2\/pages\/45\/revisions\/328"}],"wp:attachment":[{"href":"https:\/\/www.leclaireuseassistante.com\/index.php\/wp-json\/wp\/v2\/media?parent=45"}],"curies":[{"name":"wp","href":"https:\/\/api.w.org\/{rel}","templated":true}]}}